{"id":685,"date":"2017-01-12T01:24:22","date_gmt":"2017-01-12T01:24:22","guid":{"rendered":"https:\/\/domainekildare.ca\/points-de-vente\/"},"modified":"2025-09-04T13:49:16","modified_gmt":"2025-09-04T13:49:16","slug":"points-de-vente","status":"publish","type":"page","link":"https:\/\/domainekildare.ca\/fr\/points-de-vente\/","title":{"rendered":"Points de vente"},"content":{"rendered":"<div class=\"wrapper p4\"><article class=\"grid_4 alpha\">\n<div class=\"indent-left\">\n<figure class=\"frame2 p2\">\n<div><a class=\"lytebox\" title=\"Comptoir du terroir - March\u00e9 du vieux port de Qu\u00e9bec\" href=\"http:\/\/www.vinderable.com\/domaine-kildare\/detail-point-de-vente.php?id_pointdevente=3\" data-lyte-options=\"width:800 height:500\"><img decoding=\"async\" src=\"http:\/\/www.vinderable.com\/domaine-kildare\/photo.php?id_fichier=189&amp;mini=true\"><\/a><\/div><\/figure>\n<p class=\"color-4 prev-indent-bot\">Comptoir du terroir &#8211; March\u00e9 du vieux port de Qu\u00e9bec<\/p>\nNos arrivages. Viens d\u00e9couvrir toutes les primeurs disponibles au March\u00e9 du Vieux-Port cette semaine. Les 4 saisons du march\u00e9. Nous sommes ouverts \u00e0 l&#8217;ann\u00e9e !\n<div class=\"wrapper\"><a class=\"lytebox; button fright\" title=\"Comptoir du terroir - March\u00e9 du vieux port de Qu\u00e9bec\" href=\"http:\/\/www.vinderable.com\/domaine-kildare\/detail-point-de-vente.php?id_pointdevente=3\" data-lyte-options=\"width:800 height:500\">D\u00e9tails<\/a><\/div>\n<\/div>\n<\/article><article class=\"grid_4\">\n<div class=\"indent3\">\n<figure class=\"frame2 p2\">\n<div><a class=\"lytebox\" title=\"March\u00e9 des saveurs du Qu\u00e9bec - March\u00e9 Jean-Talon\" href=\"http:\/\/www.vinderable.com\/domaine-kildare\/detail-point-de-vente.php?id_pointdevente=2\" data-lyte-options=\"width:800 height:500\"><img decoding=\"async\" src=\"http:\/\/www.vinderable.com\/domaine-kildare\/photo.php?id_fichier=192&amp;mini=true\"><\/a><\/div><\/figure>\n<p class=\"color-4 prev-indent-bot\">March\u00e9 des saveurs du Qu\u00e9bec &#8211; March\u00e9 Jean-Talon<\/p>\nPlus de 400 producteurs et transformateurs de toutes les r\u00e9gions de la province approvisionnent le March\u00e9 des Saveurs du Qu\u00e9bec en d\u00e9licieuses gourmandises&#8230;\n<div class=\"wrapper\"><a class=\"lytebox; button fright\" title=\"March\u00e9 des saveurs du Qu\u00e9bec - March\u00e9 Jean-Talon\" href=\"http:\/\/www.vinderable.com\/domaine-kildare\/detail-point-de-vente.php?id_pointdevente=2\" data-lyte-options=\"width:800 height:500\">D\u00e9tails<\/a><\/div>\n<\/div>\n<\/article><article class=\"grid_4 omega\">\n<div class=\"indent-right\">\n<figure class=\"frame2 p2\">\n<div><a class=\"lytebox\" title=\"March\u00e9 d'\u00e9t\u00e9 de Val-David\" href=\"http:\/\/www.vinderable.com\/domaine-kildare\/detail-point-de-vente.php?id_pointdevente=5\" data-lyte-options=\"width:800 height:500\"><img decoding=\"async\" src=\"http:\/\/www.vinderable.com\/domaine-kildare\/photo.php?id_fichier=191&amp;mini=true\"><\/a><\/div><\/figure>\n<p class=\"color-4 prev-indent-bot\">March\u00e9 d&#8217;\u00e9t\u00e9 de Val-David<\/p>\nNous y sommes tous les samedis de l&#8217;\u00e9t\u00e9 du 1er juin au 5 octobre\n<div class=\"wrapper\"><a class=\"lytebox; button fright\" title=\"March\u00e9 d'\u00e9t\u00e9 de Val-David\" href=\"http:\/\/www.vinderable.com\/domaine-kildare\/detail-point-de-vente.php?id_pointdevente=5\" data-lyte-options=\"width:800 height:500\">D\u00e9tails<\/a><\/div>\n<\/div>\n<\/article><\/div>","protected":false},"excerpt":{"rendered":"Comptoir du terroir &#8211; March\u00e9 du vieux port de Qu\u00e9bec Nos arrivages. Viens d\u00e9couvrir toutes les primeurs disponibles au March\u00e9 du Vieux-Port cette semaine. Les 4 saisons du march\u00e9. Nous sommes ouverts \u00e0 l&#8217;ann\u00e9e ! D\u00e9tails March\u00e9 des saveurs du Qu\u00e9bec &#8211; March\u00e9 Jean-Talon Plus de 400 producteurs et transformateurs de toutes les r\u00e9gions de [&hellip;]","protected":false},"author":3,"featured_media":0,"parent":0,"menu_order":0,"comment_status":"closed","ping_status":"closed","template":"","meta":{"_acf_changed":false,"footnotes":""},"class_list":["post-685","page","type-page","status-publish","hentry"],"acf":[],"yoast_head":"<!-- This site is optimized with the Yoast SEO plugin v25.8 - https:\/\/yoast.com\/wordpress\/plugins\/seo\/ -->\n<title>Domaine kildaire oka - sirop d&#039;\u00e9rable - de vin et de liqueurs rive nord | entreprise familiale<\/title>\n<meta name=\"description\" content=\"Le Domaine Kildare est une entreprise familiale sp\u00e9cialis\u00e9e dans la production de sirop d&#039;\u00e9rable, de vin et de liqueurs \u00e0 base de sirop d&#039;\u00e9rable.\" \/>\n<meta name=\"robots\" content=\"index, follow, max-snippet:-1, max-image-preview:large, max-video-preview:-1\" \/>\n<link rel=\"canonical\" href=\"https:\/\/domainekildare.ca\/fr\/points-de-vente\/\" \/>\n<meta property=\"og:locale\" content=\"fr_FR\" \/>\n<meta property=\"og:type\" content=\"article\" \/>\n<meta property=\"og:title\" content=\"Domaine kildaire oka - sirop d&#039;\u00e9rable - de vin et de liqueurs rive nord | entreprise familiale\" \/>\n<meta property=\"og:description\" content=\"Le Domaine Kildare est une entreprise familiale sp\u00e9cialis\u00e9e dans la production de sirop d&#039;\u00e9rable, de vin et de liqueurs \u00e0 base de sirop d&#039;\u00e9rable.\" \/>\n<meta property=\"og:url\" content=\"https:\/\/domainekildare.ca\/fr\/points-de-vente\/\" \/>\n<meta property=\"og:site_name\" content=\"kildare\" \/>\n<meta property=\"article:modified_time\" content=\"2025-09-04T13:49:16+00:00\" \/>\n<meta property=\"og:image\" content=\"http:\/\/www.vinderable.com\/domaine-kildare\/photo.php?id_fichier=189&amp;mini=true\" \/>\n<meta name=\"twitter:card\" content=\"summary_large_image\" \/>\n<script type=\"application\/ld+json\" class=\"yoast-schema-graph\">{\"@context\":\"https:\/\/schema.org\",\"@graph\":[{\"@type\":\"WebPage\",\"@id\":\"https:\/\/domainekildare.ca\/fr\/points-de-vente\/\",\"url\":\"https:\/\/domainekildare.ca\/fr\/points-de-vente\/\",\"name\":\"Domaine kildaire oka - sirop d'\u00e9rable - de vin et de liqueurs rive nord | entreprise familiale\",\"isPartOf\":{\"@id\":\"https:\/\/domainekildare.ca\/fr\/#website\"},\"primaryImageOfPage\":{\"@id\":\"https:\/\/domainekildare.ca\/fr\/points-de-vente\/#primaryimage\"},\"image\":{\"@id\":\"https:\/\/domainekildare.ca\/fr\/points-de-vente\/#primaryimage\"},\"thumbnailUrl\":\"http:\/\/www.vinderable.com\/domaine-kildare\/photo.php?id_fichier=189&amp;mini=true\",\"datePublished\":\"2017-01-12T01:24:22+00:00\",\"dateModified\":\"2025-09-04T13:49:16+00:00\",\"description\":\"Le Domaine Kildare est une entreprise familiale sp\u00e9cialis\u00e9e dans la production de sirop d'\u00e9rable, de vin et de liqueurs \u00e0 base de sirop d'\u00e9rable.\",\"breadcrumb\":{\"@id\":\"https:\/\/domainekildare.ca\/fr\/points-de-vente\/#breadcrumb\"},\"inLanguage\":\"fr-FR\",\"potentialAction\":[{\"@type\":\"ReadAction\",\"target\":[\"https:\/\/domainekildare.ca\/fr\/points-de-vente\/\"]}]},{\"@type\":\"ImageObject\",\"inLanguage\":\"fr-FR\",\"@id\":\"https:\/\/domainekildare.ca\/fr\/points-de-vente\/#primaryimage\",\"url\":\"http:\/\/www.vinderable.com\/domaine-kildare\/photo.php?id_fichier=189&amp;mini=true\",\"contentUrl\":\"http:\/\/www.vinderable.com\/domaine-kildare\/photo.php?id_fichier=189&amp;mini=true\"},{\"@type\":\"BreadcrumbList\",\"@id\":\"https:\/\/domainekildare.ca\/fr\/points-de-vente\/#breadcrumb\",\"itemListElement\":[{\"@type\":\"ListItem\",\"position\":1,\"name\":\"Home\",\"item\":\"https:\/\/domainekildare.ca\/fr\/\"},{\"@type\":\"ListItem\",\"position\":2,\"name\":\"Points de vente\"}]},{\"@type\":\"WebSite\",\"@id\":\"https:\/\/domainekildare.ca\/fr\/#website\",\"url\":\"https:\/\/domainekildare.ca\/fr\/\",\"name\":\"kildare\",\"description\":\"\",\"potentialAction\":[{\"@type\":\"SearchAction\",\"target\":{\"@type\":\"EntryPoint\",\"urlTemplate\":\"https:\/\/domainekildare.ca\/fr\/?s={search_term_string}\"},\"query-input\":{\"@type\":\"PropertyValueSpecification\",\"valueRequired\":true,\"valueName\":\"search_term_string\"}}],\"inLanguage\":\"fr-FR\"}]}<\/script>\n<!-- \/ Yoast SEO plugin. -->","yoast_head_json":{"title":"Domaine kildaire oka - sirop d'\u00e9rable - de vin et de liqueurs rive nord | entreprise familiale","description":"Le Domaine Kildare est une entreprise familiale sp\u00e9cialis\u00e9e dans la production de sirop d'\u00e9rable, de vin et de liqueurs \u00e0 base de sirop d'\u00e9rable.","robots":{"index":"index","follow":"follow","max-snippet":"max-snippet:-1","max-image-preview":"max-image-preview:large","max-video-preview":"max-video-preview:-1"},"canonical":"https:\/\/domainekildare.ca\/fr\/points-de-vente\/","og_locale":"fr_FR","og_type":"article","og_title":"Domaine kildaire oka - sirop d'\u00e9rable - de vin et de liqueurs rive nord | entreprise familiale","og_description":"Le Domaine Kildare est une entreprise familiale sp\u00e9cialis\u00e9e dans la production de sirop d'\u00e9rable, de vin et de liqueurs \u00e0 base de sirop d'\u00e9rable.","og_url":"https:\/\/domainekildare.ca\/fr\/points-de-vente\/","og_site_name":"kildare","article_modified_time":"2025-09-04T13:49:16+00:00","og_image":[{"url":"http:\/\/www.vinderable.com\/domaine-kildare\/photo.php?id_fichier=189&amp;mini=true","type":"","width":"","height":""}],"twitter_card":"summary_large_image","schema":{"@context":"https:\/\/schema.org","@graph":[{"@type":"WebPage","@id":"https:\/\/domainekildare.ca\/fr\/points-de-vente\/","url":"https:\/\/domainekildare.ca\/fr\/points-de-vente\/","name":"Domaine kildaire oka - sirop d'\u00e9rable - de vin et de liqueurs rive nord | entreprise familiale","isPartOf":{"@id":"https:\/\/domainekildare.ca\/fr\/#website"},"primaryImageOfPage":{"@id":"https:\/\/domainekildare.ca\/fr\/points-de-vente\/#primaryimage"},"image":{"@id":"https:\/\/domainekildare.ca\/fr\/points-de-vente\/#primaryimage"},"thumbnailUrl":"http:\/\/www.vinderable.com\/domaine-kildare\/photo.php?id_fichier=189&amp;mini=true","datePublished":"2017-01-12T01:24:22+00:00","dateModified":"2025-09-04T13:49:16+00:00","description":"Le Domaine Kildare est une entreprise familiale sp\u00e9cialis\u00e9e dans la production de sirop d'\u00e9rable, de vin et de liqueurs \u00e0 base de sirop d'\u00e9rable.","breadcrumb":{"@id":"https:\/\/domainekildare.ca\/fr\/points-de-vente\/#breadcrumb"},"inLanguage":"fr-FR","potentialAction":[{"@type":"ReadAction","target":["https:\/\/domainekildare.ca\/fr\/points-de-vente\/"]}]},{"@type":"ImageObject","inLanguage":"fr-FR","@id":"https:\/\/domainekildare.ca\/fr\/points-de-vente\/#primaryimage","url":"http:\/\/www.vinderable.com\/domaine-kildare\/photo.php?id_fichier=189&amp;mini=true","contentUrl":"http:\/\/www.vinderable.com\/domaine-kildare\/photo.php?id_fichier=189&amp;mini=true"},{"@type":"BreadcrumbList","@id":"https:\/\/domainekildare.ca\/fr\/points-de-vente\/#breadcrumb","itemListElement":[{"@type":"ListItem","position":1,"name":"Home","item":"https:\/\/domainekildare.ca\/fr\/"},{"@type":"ListItem","position":2,"name":"Points de vente"}]},{"@type":"WebSite","@id":"https:\/\/domainekildare.ca\/fr\/#website","url":"https:\/\/domainekildare.ca\/fr\/","name":"kildare","description":"","potentialAction":[{"@type":"SearchAction","target":{"@type":"EntryPoint","urlTemplate":"https:\/\/domainekildare.ca\/fr\/?s={search_term_string}"},"query-input":{"@type":"PropertyValueSpecification","valueRequired":true,"valueName":"search_term_string"}}],"inLanguage":"fr-FR"}]}},"_links":{"self":[{"href":"https:\/\/domainekildare.ca\/fr\/wp-json\/wp\/v2\/pages\/685","targetHints":{"allow":["GET"]}}],"collection":[{"href":"https:\/\/domainekildare.ca\/fr\/wp-json\/wp\/v2\/pages"}],"about":[{"href":"https:\/\/domainekildare.ca\/fr\/wp-json\/wp\/v2\/types\/page"}],"author":[{"embeddable":true,"href":"https:\/\/domainekildare.ca\/fr\/wp-json\/wp\/v2\/users\/3"}],"replies":[{"embeddable":true,"href":"https:\/\/domainekildare.ca\/fr\/wp-json\/wp\/v2\/comments?post=685"}],"version-history":[{"count":1,"href":"https:\/\/domainekildare.ca\/fr\/wp-json\/wp\/v2\/pages\/685\/revisions"}],"predecessor-version":[{"id":796,"href":"https:\/\/domainekildare.ca\/fr\/wp-json\/wp\/v2\/pages\/685\/revisions\/796"}],"wp:attachment":[{"href":"https:\/\/domainekildare.ca\/fr\/wp-json\/wp\/v2\/media?parent=685"}],"curies":[{"name":"wp","href":"https:\/\/api.w.org\/{rel}","templated":true}]}}