{"id":682,"date":"2017-01-12T01:23:48","date_gmt":"2017-01-12T01:23:48","guid":{"rendered":"https:\/\/domainekildare.ca\/produits-2\/"},"modified":"2025-09-04T13:49:59","modified_gmt":"2025-09-04T13:49:59","slug":"produits-2","status":"publish","type":"page","link":"https:\/\/domainekildare.ca\/fr\/produits-2\/","title":{"rendered":"Produits"},"content":{"rendered":"CR\u00c8ME &#8211; (MALHEUREUSEMENT NON DISPONIBLE POUR LE MOMENT)\n\n<strong>La Cr\u00e8me d&#8217;\u00e9rable du Domaine<\/strong> est pr\u00e9par\u00e9e \u00e0 partir de sirop d&#8217;\u00e9rable pur et de cr\u00e8me. Le nez offre des ar\u00f4mes tr\u00e8s velout\u00e9s du caramel. La bouche s&#8217;ouvre sur une texture cr\u00e9meuse o\u00f9 pointe le caramel et la noix s&#8217;acheminant sur une longue finale d&#8217;\u00e9rable&#8230;\n\n32,00 $ <a href=\"http:\/\/www.vinderable.com\/domaine-kildare\/detail-produit.php?id_produit=13\" data-lyte-options=\"width:800 height:500\">d\u00e9tails<\/a>\n\n&nbsp;\n\nL&#8217;AP\u00c9RITIF\n\n<strong>L&#8217;Ap\u00e9ritif d&#8217;\u00c9rable du Domaine Kildare<\/strong> est un S\u00e9vel doux, tout naturel \u00e9labor\u00e9 \u00e0 partir de sirop d&#8217;\u00e9rable pur sans additif ni agent de conservation. La bouche est douce, mais sans aucune lourdeur avec un \u00e9quilibre sucre alcool&#8230;\n\n20,00 $ <a href=\"http:\/\/www.vinderable.com\/domaine-kildare\/detail-produit.php?id_produit=14\" data-lyte-options=\"width:800 height:500\">d\u00e9tails<\/a>\n\n&nbsp;\n\nDIGESTIF\n\n<strong>Le Digestif du Domaine Kildare <\/strong>est un s\u00e9vel fortifi\u00e9 en mariage avec le sirop d&#8217;\u00e9rable ambr\u00e9. De couleur vieil or, il a un nez puissant de caramel et de vanille. Les crus les plus jeunes d\u00e9gagent un l\u00e9ger ar\u00f4me anis\u00e9. Il se sert tr\u00e8s froid en digestif&#8230;\n\n35,00 $ <a href=\"http:\/\/www.vinderable.com\/domaine-kildare\/detail-produit.php?id_produit=12\" data-lyte-options=\"width:800 height:500\">d\u00e9tails<\/a>","protected":false},"excerpt":{"rendered":"CR\u00c8ME &#8211; (MALHEUREUSEMENT NON DISPONIBLE POUR LE MOMENT) La Cr\u00e8me d&#8217;\u00e9rable du Domaine est pr\u00e9par\u00e9e \u00e0 partir de sirop d&#8217;\u00e9rable pur et de cr\u00e8me. Le nez offre des ar\u00f4mes tr\u00e8s velout\u00e9s du caramel. La bouche s&#8217;ouvre sur une texture cr\u00e9meuse o\u00f9 pointe le caramel et la noix s&#8217;acheminant sur une longue finale d&#8217;\u00e9rable&#8230; 32,00 $ [&hellip;]","protected":false},"author":3,"featured_media":683,"parent":0,"menu_order":0,"comment_status":"closed","ping_status":"closed","template":"","meta":{"_acf_changed":false,"footnotes":""},"class_list":["post-682","page","type-page","status-publish","has-post-thumbnail","hentry"],"acf":[],"yoast_head":"<!-- This site is optimized with the Yoast SEO plugin v25.8 - https:\/\/yoast.com\/wordpress\/plugins\/seo\/ -->\n<title>Domaine kildaire oka - sirop d&#039;\u00e9rable - de vin et de liqueurs rive nord | entreprise familiale<\/title>\n<meta name=\"description\" content=\"Le Domaine Kildare est une entreprise familiale sp\u00e9cialis\u00e9e dans la production de sirop d&#039;\u00e9rable, de vin et de liqueurs \u00e0 base de sirop d&#039;\u00e9rable\" \/>\n<meta name=\"robots\" content=\"index, follow, max-snippet:-1, max-image-preview:large, max-video-preview:-1\" \/>\n<link rel=\"canonical\" href=\"https:\/\/domainekildare.ca\/fr\/produits-2\/\" \/>\n<meta property=\"og:locale\" content=\"fr_FR\" \/>\n<meta property=\"og:type\" content=\"article\" \/>\n<meta property=\"og:title\" content=\"Domaine kildaire oka - sirop d&#039;\u00e9rable - de vin et de liqueurs rive nord | entreprise familiale\" \/>\n<meta property=\"og:description\" content=\"Le Domaine Kildare est une entreprise familiale sp\u00e9cialis\u00e9e dans la production de sirop d&#039;\u00e9rable, de vin et de liqueurs \u00e0 base de sirop d&#039;\u00e9rable\" \/>\n<meta property=\"og:url\" content=\"https:\/\/domainekildare.ca\/fr\/produits-2\/\" \/>\n<meta property=\"og:site_name\" content=\"kildare\" \/>\n<meta property=\"article:modified_time\" content=\"2025-09-04T13:49:59+00:00\" \/>\n<meta property=\"og:image\" content=\"https:\/\/domainekildare.ca\/wp-content\/uploads\/2021\/09\/Capture-d\u2019\u00e9cran-2021-09-13-153609.png\" \/>\n\t<meta property=\"og:image:width\" content=\"764\" \/>\n\t<meta property=\"og:image:height\" content=\"527\" \/>\n\t<meta property=\"og:image:type\" content=\"image\/png\" \/>\n<meta name=\"twitter:card\" content=\"summary_large_image\" \/>\n<meta name=\"twitter:label1\" content=\"Dur\u00e9e de lecture estim\u00e9e\" \/>\n\t<meta name=\"twitter:data1\" content=\"1 minute\" \/>\n<script type=\"application\/ld+json\" class=\"yoast-schema-graph\">{\"@context\":\"https:\/\/schema.org\",\"@graph\":[{\"@type\":\"WebPage\",\"@id\":\"https:\/\/domainekildare.ca\/fr\/produits-2\/\",\"url\":\"https:\/\/domainekildare.ca\/fr\/produits-2\/\",\"name\":\"Domaine kildaire oka - sirop d'\u00e9rable - de vin et de liqueurs rive nord | entreprise familiale\",\"isPartOf\":{\"@id\":\"https:\/\/domainekildare.ca\/fr\/#website\"},\"primaryImageOfPage\":{\"@id\":\"https:\/\/domainekildare.ca\/fr\/produits-2\/#primaryimage\"},\"image\":{\"@id\":\"https:\/\/domainekildare.ca\/fr\/produits-2\/#primaryimage\"},\"thumbnailUrl\":\"https:\/\/domainekildare.ca\/wp-content\/uploads\/2021\/09\/Capture-d\u2019\u00e9cran-2021-09-13-153609.png\",\"datePublished\":\"2017-01-12T01:23:48+00:00\",\"dateModified\":\"2025-09-04T13:49:59+00:00\",\"description\":\"Le Domaine Kildare est une entreprise familiale sp\u00e9cialis\u00e9e dans la production de sirop d'\u00e9rable, de vin et de liqueurs \u00e0 base de sirop d'\u00e9rable\",\"breadcrumb\":{\"@id\":\"https:\/\/domainekildare.ca\/fr\/produits-2\/#breadcrumb\"},\"inLanguage\":\"fr-FR\",\"potentialAction\":[{\"@type\":\"ReadAction\",\"target\":[\"https:\/\/domainekildare.ca\/fr\/produits-2\/\"]}]},{\"@type\":\"ImageObject\",\"inLanguage\":\"fr-FR\",\"@id\":\"https:\/\/domainekildare.ca\/fr\/produits-2\/#primaryimage\",\"url\":\"https:\/\/domainekildare.ca\/wp-content\/uploads\/2021\/09\/Capture-d\u2019\u00e9cran-2021-09-13-153609.png\",\"contentUrl\":\"https:\/\/domainekildare.ca\/wp-content\/uploads\/2021\/09\/Capture-d\u2019\u00e9cran-2021-09-13-153609.png\",\"width\":764,\"height\":527},{\"@type\":\"BreadcrumbList\",\"@id\":\"https:\/\/domainekildare.ca\/fr\/produits-2\/#breadcrumb\",\"itemListElement\":[{\"@type\":\"ListItem\",\"position\":1,\"name\":\"Home\",\"item\":\"https:\/\/domainekildare.ca\/fr\/\"},{\"@type\":\"ListItem\",\"position\":2,\"name\":\"Produits\"}]},{\"@type\":\"WebSite\",\"@id\":\"https:\/\/domainekildare.ca\/fr\/#website\",\"url\":\"https:\/\/domainekildare.ca\/fr\/\",\"name\":\"kildare\",\"description\":\"\",\"potentialAction\":[{\"@type\":\"SearchAction\",\"target\":{\"@type\":\"EntryPoint\",\"urlTemplate\":\"https:\/\/domainekildare.ca\/fr\/?s={search_term_string}\"},\"query-input\":{\"@type\":\"PropertyValueSpecification\",\"valueRequired\":true,\"valueName\":\"search_term_string\"}}],\"inLanguage\":\"fr-FR\"}]}<\/script>\n<!-- \/ Yoast SEO plugin. -->","yoast_head_json":{"title":"Domaine kildaire oka - sirop d'\u00e9rable - de vin et de liqueurs rive nord | entreprise familiale","description":"Le Domaine Kildare est une entreprise familiale sp\u00e9cialis\u00e9e dans la production de sirop d'\u00e9rable, de vin et de liqueurs \u00e0 base de sirop d'\u00e9rable","robots":{"index":"index","follow":"follow","max-snippet":"max-snippet:-1","max-image-preview":"max-image-preview:large","max-video-preview":"max-video-preview:-1"},"canonical":"https:\/\/domainekildare.ca\/fr\/produits-2\/","og_locale":"fr_FR","og_type":"article","og_title":"Domaine kildaire oka - sirop d'\u00e9rable - de vin et de liqueurs rive nord | entreprise familiale","og_description":"Le Domaine Kildare est une entreprise familiale sp\u00e9cialis\u00e9e dans la production de sirop d'\u00e9rable, de vin et de liqueurs \u00e0 base de sirop d'\u00e9rable","og_url":"https:\/\/domainekildare.ca\/fr\/produits-2\/","og_site_name":"kildare","article_modified_time":"2025-09-04T13:49:59+00:00","og_image":[{"width":764,"height":527,"url":"https:\/\/domainekildare.ca\/wp-content\/uploads\/2021\/09\/Capture-d\u2019\u00e9cran-2021-09-13-153609.png","type":"image\/png"}],"twitter_card":"summary_large_image","twitter_misc":{"Dur\u00e9e de lecture estim\u00e9e":"1 minute"},"schema":{"@context":"https:\/\/schema.org","@graph":[{"@type":"WebPage","@id":"https:\/\/domainekildare.ca\/fr\/produits-2\/","url":"https:\/\/domainekildare.ca\/fr\/produits-2\/","name":"Domaine kildaire oka - sirop d'\u00e9rable - de vin et de liqueurs rive nord | entreprise familiale","isPartOf":{"@id":"https:\/\/domainekildare.ca\/fr\/#website"},"primaryImageOfPage":{"@id":"https:\/\/domainekildare.ca\/fr\/produits-2\/#primaryimage"},"image":{"@id":"https:\/\/domainekildare.ca\/fr\/produits-2\/#primaryimage"},"thumbnailUrl":"https:\/\/domainekildare.ca\/wp-content\/uploads\/2021\/09\/Capture-d\u2019\u00e9cran-2021-09-13-153609.png","datePublished":"2017-01-12T01:23:48+00:00","dateModified":"2025-09-04T13:49:59+00:00","description":"Le Domaine Kildare est une entreprise familiale sp\u00e9cialis\u00e9e dans la production de sirop d'\u00e9rable, de vin et de liqueurs \u00e0 base de sirop d'\u00e9rable","breadcrumb":{"@id":"https:\/\/domainekildare.ca\/fr\/produits-2\/#breadcrumb"},"inLanguage":"fr-FR","potentialAction":[{"@type":"ReadAction","target":["https:\/\/domainekildare.ca\/fr\/produits-2\/"]}]},{"@type":"ImageObject","inLanguage":"fr-FR","@id":"https:\/\/domainekildare.ca\/fr\/produits-2\/#primaryimage","url":"https:\/\/domainekildare.ca\/wp-content\/uploads\/2021\/09\/Capture-d\u2019\u00e9cran-2021-09-13-153609.png","contentUrl":"https:\/\/domainekildare.ca\/wp-content\/uploads\/2021\/09\/Capture-d\u2019\u00e9cran-2021-09-13-153609.png","width":764,"height":527},{"@type":"BreadcrumbList","@id":"https:\/\/domainekildare.ca\/fr\/produits-2\/#breadcrumb","itemListElement":[{"@type":"ListItem","position":1,"name":"Home","item":"https:\/\/domainekildare.ca\/fr\/"},{"@type":"ListItem","position":2,"name":"Produits"}]},{"@type":"WebSite","@id":"https:\/\/domainekildare.ca\/fr\/#website","url":"https:\/\/domainekildare.ca\/fr\/","name":"kildare","description":"","potentialAction":[{"@type":"SearchAction","target":{"@type":"EntryPoint","urlTemplate":"https:\/\/domainekildare.ca\/fr\/?s={search_term_string}"},"query-input":{"@type":"PropertyValueSpecification","valueRequired":true,"valueName":"search_term_string"}}],"inLanguage":"fr-FR"}]}},"_links":{"self":[{"href":"https:\/\/domainekildare.ca\/fr\/wp-json\/wp\/v2\/pages\/682","targetHints":{"allow":["GET"]}}],"collection":[{"href":"https:\/\/domainekildare.ca\/fr\/wp-json\/wp\/v2\/pages"}],"about":[{"href":"https:\/\/domainekildare.ca\/fr\/wp-json\/wp\/v2\/types\/page"}],"author":[{"embeddable":true,"href":"https:\/\/domainekildare.ca\/fr\/wp-json\/wp\/v2\/users\/3"}],"replies":[{"embeddable":true,"href":"https:\/\/domainekildare.ca\/fr\/wp-json\/wp\/v2\/comments?post=682"}],"version-history":[{"count":1,"href":"https:\/\/domainekildare.ca\/fr\/wp-json\/wp\/v2\/pages\/682\/revisions"}],"predecessor-version":[{"id":798,"href":"https:\/\/domainekildare.ca\/fr\/wp-json\/wp\/v2\/pages\/682\/revisions\/798"}],"wp:featuredmedia":[{"embeddable":true,"href":"https:\/\/domainekildare.ca\/fr\/wp-json\/wp\/v2\/media\/683"}],"wp:attachment":[{"href":"https:\/\/domainekildare.ca\/fr\/wp-json\/wp\/v2\/media?parent=682"}],"curies":[{"name":"wp","href":"https:\/\/api.w.org\/{rel}","templated":true}]}}