{"id":680,"date":"2017-01-12T01:23:41","date_gmt":"2017-01-12T01:23:41","guid":{"rendered":"https:\/\/domainekildare.ca\/accueil-2\/"},"modified":"2026-01-15T11:54:57","modified_gmt":"2026-01-15T11:54:57","slug":"accueil-2","status":"publish","type":"page","link":"https:\/\/domainekildare.ca\/fr\/accueil-2\/","title":{"rendered":"Accueil"},"content":{"rendered":"<div class=\"inner\">\r\n<div class=\"wrapper\">\r\n\r\n<span class=\"title img-indent3\">Bienvenue !<\/span>\r\n<div class=\"extra-wrap indent-top2\">\r\n\r\nLe <strong>Domaine Kildare<\/strong> est une entreprise familiale sp\u00e9cialis\u00e9e dans la production de sirop d&#8217;\u00e9rable, de vin et de liqueurs \u00e0 base de sirop d&#8217;\u00e9rable. Tous nos produits sont \u00e9labor\u00e9s \u00e0 partir de fermentation du sirop d&#8217;\u00e9rable. La Cr\u00e8me demeure le produit par excellence de l&#8217;entreprise. on compte le Digestif et l&#8217;Ap\u00e9ritif.\r\n\r\n<\/div>\r\n<\/div>\r\n<\/div>","protected":false},"excerpt":{"rendered":"Bienvenue ! Le Domaine Kildare est une entreprise familiale sp\u00e9cialis\u00e9e dans la production de sirop d&#8217;\u00e9rable, de vin et de liqueurs \u00e0 base de sirop d&#8217;\u00e9rable. Tous nos produits sont \u00e9labor\u00e9s \u00e0 partir de fermentation du sirop d&#8217;\u00e9rable. La Cr\u00e8me demeure le produit par excellence de l&#8217;entreprise. on compte le Digestif et l&#8217;Ap\u00e9ritif.","protected":false},"author":3,"featured_media":0,"parent":0,"menu_order":0,"comment_status":"closed","ping_status":"closed","template":"","meta":{"_acf_changed":false,"footnotes":""},"class_list":["post-680","page","type-page","status-publish","hentry"],"acf":[],"yoast_head":"<!-- This site is optimized with the Yoast SEO plugin v25.8 - https:\/\/yoast.com\/wordpress\/plugins\/seo\/ -->\n<title>Domaine kildaire oka - sirop d&#039;\u00e9rable - de vin et de liqueurs rive nord | entreprise familiale<\/title>\n<meta name=\"description\" content=\"Le Domaine Kildare est une entreprise familiale sp\u00e9cialis\u00e9e dans la production de sirop d&#039;\u00e9rable, de vin et de liqueurs \u00e0 base de sirop d&#039;\u00e9rable.\" \/>\n<meta name=\"robots\" content=\"index, follow, max-snippet:-1, max-image-preview:large, max-video-preview:-1\" \/>\n<link rel=\"canonical\" href=\"https:\/\/domainekildare.ca\/fr\/accueil-2\/\" \/>\n<meta property=\"og:locale\" content=\"fr_FR\" \/>\n<meta property=\"og:type\" content=\"article\" \/>\n<meta property=\"og:title\" content=\"Domaine kildaire oka - sirop d&#039;\u00e9rable - de vin et de liqueurs rive nord | entreprise familiale\" \/>\n<meta property=\"og:description\" content=\"Le Domaine Kildare est une entreprise familiale sp\u00e9cialis\u00e9e dans la production de sirop d&#039;\u00e9rable, de vin et de liqueurs \u00e0 base de sirop d&#039;\u00e9rable.\" \/>\n<meta property=\"og:url\" content=\"https:\/\/domainekildare.ca\/fr\/accueil-2\/\" \/>\n<meta property=\"og:site_name\" content=\"kildare\" \/>\n<meta property=\"article:modified_time\" content=\"2026-01-15T11:54:57+00:00\" \/>\n<meta name=\"twitter:card\" content=\"summary_large_image\" \/>\n<meta name=\"twitter:label1\" content=\"Dur\u00e9e de lecture estim\u00e9e\" \/>\n\t<meta name=\"twitter:data1\" content=\"1 minute\" \/>\n<script type=\"application\/ld+json\" class=\"yoast-schema-graph\">{\"@context\":\"https:\/\/schema.org\",\"@graph\":[{\"@type\":\"WebPage\",\"@id\":\"https:\/\/domainekildare.ca\/fr\/accueil-2\/\",\"url\":\"https:\/\/domainekildare.ca\/fr\/accueil-2\/\",\"name\":\"Domaine kildaire oka - sirop d'\u00e9rable - de vin et de liqueurs rive nord | entreprise familiale\",\"isPartOf\":{\"@id\":\"https:\/\/domainekildare.ca\/fr\/#website\"},\"datePublished\":\"2017-01-12T01:23:41+00:00\",\"dateModified\":\"2026-01-15T11:54:57+00:00\",\"description\":\"Le Domaine Kildare est une entreprise familiale sp\u00e9cialis\u00e9e dans la production de sirop d'\u00e9rable, de vin et de liqueurs \u00e0 base de sirop d'\u00e9rable.\",\"breadcrumb\":{\"@id\":\"https:\/\/domainekildare.ca\/fr\/accueil-2\/#breadcrumb\"},\"inLanguage\":\"fr-FR\",\"potentialAction\":[{\"@type\":\"ReadAction\",\"target\":[\"https:\/\/domainekildare.ca\/fr\/accueil-2\/\"]}]},{\"@type\":\"BreadcrumbList\",\"@id\":\"https:\/\/domainekildare.ca\/fr\/accueil-2\/#breadcrumb\",\"itemListElement\":[{\"@type\":\"ListItem\",\"position\":1,\"name\":\"Home\",\"item\":\"https:\/\/domainekildare.ca\/fr\/\"},{\"@type\":\"ListItem\",\"position\":2,\"name\":\"Accueil\"}]},{\"@type\":\"WebSite\",\"@id\":\"https:\/\/domainekildare.ca\/fr\/#website\",\"url\":\"https:\/\/domainekildare.ca\/fr\/\",\"name\":\"kildare\",\"description\":\"\",\"potentialAction\":[{\"@type\":\"SearchAction\",\"target\":{\"@type\":\"EntryPoint\",\"urlTemplate\":\"https:\/\/domainekildare.ca\/fr\/?s={search_term_string}\"},\"query-input\":{\"@type\":\"PropertyValueSpecification\",\"valueRequired\":true,\"valueName\":\"search_term_string\"}}],\"inLanguage\":\"fr-FR\"}]}<\/script>\n<!-- \/ Yoast SEO plugin. -->","yoast_head_json":{"title":"Domaine kildaire oka - sirop d'\u00e9rable - de vin et de liqueurs rive nord | entreprise familiale","description":"Le Domaine Kildare est une entreprise familiale sp\u00e9cialis\u00e9e dans la production de sirop d'\u00e9rable, de vin et de liqueurs \u00e0 base de sirop d'\u00e9rable.","robots":{"index":"index","follow":"follow","max-snippet":"max-snippet:-1","max-image-preview":"max-image-preview:large","max-video-preview":"max-video-preview:-1"},"canonical":"https:\/\/domainekildare.ca\/fr\/accueil-2\/","og_locale":"fr_FR","og_type":"article","og_title":"Domaine kildaire oka - sirop d'\u00e9rable - de vin et de liqueurs rive nord | entreprise familiale","og_description":"Le Domaine Kildare est une entreprise familiale sp\u00e9cialis\u00e9e dans la production de sirop d'\u00e9rable, de vin et de liqueurs \u00e0 base de sirop d'\u00e9rable.","og_url":"https:\/\/domainekildare.ca\/fr\/accueil-2\/","og_site_name":"kildare","article_modified_time":"2026-01-15T11:54:57+00:00","twitter_card":"summary_large_image","twitter_misc":{"Dur\u00e9e de lecture estim\u00e9e":"1 minute"},"schema":{"@context":"https:\/\/schema.org","@graph":[{"@type":"WebPage","@id":"https:\/\/domainekildare.ca\/fr\/accueil-2\/","url":"https:\/\/domainekildare.ca\/fr\/accueil-2\/","name":"Domaine kildaire oka - sirop d'\u00e9rable - de vin et de liqueurs rive nord | entreprise familiale","isPartOf":{"@id":"https:\/\/domainekildare.ca\/fr\/#website"},"datePublished":"2017-01-12T01:23:41+00:00","dateModified":"2026-01-15T11:54:57+00:00","description":"Le Domaine Kildare est une entreprise familiale sp\u00e9cialis\u00e9e dans la production de sirop d'\u00e9rable, de vin et de liqueurs \u00e0 base de sirop d'\u00e9rable.","breadcrumb":{"@id":"https:\/\/domainekildare.ca\/fr\/accueil-2\/#breadcrumb"},"inLanguage":"fr-FR","potentialAction":[{"@type":"ReadAction","target":["https:\/\/domainekildare.ca\/fr\/accueil-2\/"]}]},{"@type":"BreadcrumbList","@id":"https:\/\/domainekildare.ca\/fr\/accueil-2\/#breadcrumb","itemListElement":[{"@type":"ListItem","position":1,"name":"Home","item":"https:\/\/domainekildare.ca\/fr\/"},{"@type":"ListItem","position":2,"name":"Accueil"}]},{"@type":"WebSite","@id":"https:\/\/domainekildare.ca\/fr\/#website","url":"https:\/\/domainekildare.ca\/fr\/","name":"kildare","description":"","potentialAction":[{"@type":"SearchAction","target":{"@type":"EntryPoint","urlTemplate":"https:\/\/domainekildare.ca\/fr\/?s={search_term_string}"},"query-input":{"@type":"PropertyValueSpecification","valueRequired":true,"valueName":"search_term_string"}}],"inLanguage":"fr-FR"}]}},"_links":{"self":[{"href":"https:\/\/domainekildare.ca\/fr\/wp-json\/wp\/v2\/pages\/680","targetHints":{"allow":["GET"]}}],"collection":[{"href":"https:\/\/domainekildare.ca\/fr\/wp-json\/wp\/v2\/pages"}],"about":[{"href":"https:\/\/domainekildare.ca\/fr\/wp-json\/wp\/v2\/types\/page"}],"author":[{"embeddable":true,"href":"https:\/\/domainekildare.ca\/fr\/wp-json\/wp\/v2\/users\/3"}],"replies":[{"embeddable":true,"href":"https:\/\/domainekildare.ca\/fr\/wp-json\/wp\/v2\/comments?post=680"}],"version-history":[{"count":3,"href":"https:\/\/domainekildare.ca\/fr\/wp-json\/wp\/v2\/pages\/680\/revisions"}],"predecessor-version":[{"id":839,"href":"https:\/\/domainekildare.ca\/fr\/wp-json\/wp\/v2\/pages\/680\/revisions\/839"}],"wp:attachment":[{"href":"https:\/\/domainekildare.ca\/fr\/wp-json\/wp\/v2\/media?parent=680"}],"curies":[{"name":"wp","href":"https:\/\/api.w.org\/{rel}","templated":true}]}}