{"id":674,"date":"2016-11-16T12:37:23","date_gmt":"2016-11-16T12:37:23","guid":{"rendered":"https:\/\/domainekildare.ca\/contact\/"},"modified":"2025-09-04T13:45:04","modified_gmt":"2025-09-04T13:45:04","slug":"contact","status":"publish","type":"page","link":"https:\/\/domainekildare.ca\/fr\/contact\/","title":{"rendered":"Contact"},"content":{"rendered":"<iframe loading=\"lazy\" style=\"border: 0;\" src=\"https:\/\/www.google.com\/maps\/embed?pb=!1m18!1m12!1m3!1d2769.318702511819!2d-73.43442258482891!3d46.044740979112134!2m3!1f0!2f0!3f0!3m2!1i1024!2i768!4f13.1!3m3!1m2!1s0x4cc8bd08b97a6d2f%3A0x3c4200f30c0a7d7a!2s205+Rue+Louis+Bazinet%2C+Saint-Charles-Borrom%C3%A9e%2C+QC+J6E+7J5%2C+Canada!5e0!3m2!1sen!2sin!4v1479454853501\" width=\"600\" height=\"450\" frameborder=\"0\" allowfullscreen=\"allowfullscreen\"><\/iframe>","protected":false},"excerpt":{"rendered":"","protected":false},"author":1,"featured_media":0,"parent":0,"menu_order":0,"comment_status":"closed","ping_status":"closed","template":"page-contact.php","meta":{"_acf_changed":false,"footnotes":""},"class_list":["post-674","page","type-page","status-publish","hentry"],"acf":[],"yoast_head":"<!-- This site is optimized with the Yoast SEO plugin v25.8 - https:\/\/yoast.com\/wordpress\/plugins\/seo\/ -->\n<title>Domaine kildaire oka - sirop d&#039;\u00e9rable - de vin et de liqueurs rive nord | entreprise familiale<\/title>\n<meta name=\"description\" content=\"Le Domaine Kildare est une entreprise familiale sp\u00e9cialis\u00e9e dans la production de sirop d&#039;\u00e9rable, de vin et de liqueurs \u00e0 base de sirop d&#039;\u00e9rable.\" \/>\n<meta name=\"robots\" content=\"index, follow, max-snippet:-1, max-image-preview:large, max-video-preview:-1\" \/>\n<link rel=\"canonical\" href=\"https:\/\/domainekildare.ca\/fr\/contact\/\" \/>\n<meta property=\"og:locale\" content=\"fr_FR\" \/>\n<meta property=\"og:type\" content=\"article\" \/>\n<meta property=\"og:title\" content=\"Domaine kildaire oka - sirop d&#039;\u00e9rable - de vin et de liqueurs rive nord | entreprise familiale\" \/>\n<meta property=\"og:description\" content=\"Le Domaine Kildare est une entreprise familiale sp\u00e9cialis\u00e9e dans la production de sirop d&#039;\u00e9rable, de vin et de liqueurs \u00e0 base de sirop d&#039;\u00e9rable.\" \/>\n<meta property=\"og:url\" content=\"https:\/\/domainekildare.ca\/fr\/contact\/\" \/>\n<meta property=\"og:site_name\" content=\"kildare\" \/>\n<meta property=\"article:modified_time\" content=\"2025-09-04T13:45:04+00:00\" \/>\n<meta name=\"twitter:card\" content=\"summary_large_image\" \/>\n<script type=\"application\/ld+json\" class=\"yoast-schema-graph\">{\"@context\":\"https:\/\/schema.org\",\"@graph\":[{\"@type\":\"WebPage\",\"@id\":\"https:\/\/domainekildare.ca\/fr\/contact\/\",\"url\":\"https:\/\/domainekildare.ca\/fr\/contact\/\",\"name\":\"Domaine kildaire oka - sirop d'\u00e9rable - de vin et de liqueurs rive nord | entreprise familiale\",\"isPartOf\":{\"@id\":\"https:\/\/domainekildare.ca\/fr\/#website\"},\"datePublished\":\"2016-11-16T12:37:23+00:00\",\"dateModified\":\"2025-09-04T13:45:04+00:00\",\"description\":\"Le Domaine Kildare est une entreprise familiale sp\u00e9cialis\u00e9e dans la production de sirop d'\u00e9rable, de vin et de liqueurs \u00e0 base de sirop d'\u00e9rable.\",\"breadcrumb\":{\"@id\":\"https:\/\/domainekildare.ca\/fr\/contact\/#breadcrumb\"},\"inLanguage\":\"fr-FR\",\"potentialAction\":[{\"@type\":\"ReadAction\",\"target\":[\"https:\/\/domainekildare.ca\/fr\/contact\/\"]}]},{\"@type\":\"BreadcrumbList\",\"@id\":\"https:\/\/domainekildare.ca\/fr\/contact\/#breadcrumb\",\"itemListElement\":[{\"@type\":\"ListItem\",\"position\":1,\"name\":\"Home\",\"item\":\"https:\/\/domainekildare.ca\/fr\/\"},{\"@type\":\"ListItem\",\"position\":2,\"name\":\"Contact\"}]},{\"@type\":\"WebSite\",\"@id\":\"https:\/\/domainekildare.ca\/fr\/#website\",\"url\":\"https:\/\/domainekildare.ca\/fr\/\",\"name\":\"kildare\",\"description\":\"\",\"potentialAction\":[{\"@type\":\"SearchAction\",\"target\":{\"@type\":\"EntryPoint\",\"urlTemplate\":\"https:\/\/domainekildare.ca\/fr\/?s={search_term_string}\"},\"query-input\":{\"@type\":\"PropertyValueSpecification\",\"valueRequired\":true,\"valueName\":\"search_term_string\"}}],\"inLanguage\":\"fr-FR\"}]}<\/script>\n<!-- \/ Yoast SEO plugin. -->","yoast_head_json":{"title":"Domaine kildaire oka - sirop d'\u00e9rable - de vin et de liqueurs rive nord | entreprise familiale","description":"Le Domaine Kildare est une entreprise familiale sp\u00e9cialis\u00e9e dans la production de sirop d'\u00e9rable, de vin et de liqueurs \u00e0 base de sirop d'\u00e9rable.","robots":{"index":"index","follow":"follow","max-snippet":"max-snippet:-1","max-image-preview":"max-image-preview:large","max-video-preview":"max-video-preview:-1"},"canonical":"https:\/\/domainekildare.ca\/fr\/contact\/","og_locale":"fr_FR","og_type":"article","og_title":"Domaine kildaire oka - sirop d'\u00e9rable - de vin et de liqueurs rive nord | entreprise familiale","og_description":"Le Domaine Kildare est une entreprise familiale sp\u00e9cialis\u00e9e dans la production de sirop d'\u00e9rable, de vin et de liqueurs \u00e0 base de sirop d'\u00e9rable.","og_url":"https:\/\/domainekildare.ca\/fr\/contact\/","og_site_name":"kildare","article_modified_time":"2025-09-04T13:45:04+00:00","twitter_card":"summary_large_image","schema":{"@context":"https:\/\/schema.org","@graph":[{"@type":"WebPage","@id":"https:\/\/domainekildare.ca\/fr\/contact\/","url":"https:\/\/domainekildare.ca\/fr\/contact\/","name":"Domaine kildaire oka - sirop d'\u00e9rable - de vin et de liqueurs rive nord | entreprise familiale","isPartOf":{"@id":"https:\/\/domainekildare.ca\/fr\/#website"},"datePublished":"2016-11-16T12:37:23+00:00","dateModified":"2025-09-04T13:45:04+00:00","description":"Le Domaine Kildare est une entreprise familiale sp\u00e9cialis\u00e9e dans la production de sirop d'\u00e9rable, de vin et de liqueurs \u00e0 base de sirop d'\u00e9rable.","breadcrumb":{"@id":"https:\/\/domainekildare.ca\/fr\/contact\/#breadcrumb"},"inLanguage":"fr-FR","potentialAction":[{"@type":"ReadAction","target":["https:\/\/domainekildare.ca\/fr\/contact\/"]}]},{"@type":"BreadcrumbList","@id":"https:\/\/domainekildare.ca\/fr\/contact\/#breadcrumb","itemListElement":[{"@type":"ListItem","position":1,"name":"Home","item":"https:\/\/domainekildare.ca\/fr\/"},{"@type":"ListItem","position":2,"name":"Contact"}]},{"@type":"WebSite","@id":"https:\/\/domainekildare.ca\/fr\/#website","url":"https:\/\/domainekildare.ca\/fr\/","name":"kildare","description":"","potentialAction":[{"@type":"SearchAction","target":{"@type":"EntryPoint","urlTemplate":"https:\/\/domainekildare.ca\/fr\/?s={search_term_string}"},"query-input":{"@type":"PropertyValueSpecification","valueRequired":true,"valueName":"search_term_string"}}],"inLanguage":"fr-FR"}]}},"_links":{"self":[{"href":"https:\/\/domainekildare.ca\/fr\/wp-json\/wp\/v2\/pages\/674","targetHints":{"allow":["GET"]}}],"collection":[{"href":"https:\/\/domainekildare.ca\/fr\/wp-json\/wp\/v2\/pages"}],"about":[{"href":"https:\/\/domainekildare.ca\/fr\/wp-json\/wp\/v2\/types\/page"}],"author":[{"embeddable":true,"href":"https:\/\/domainekildare.ca\/fr\/wp-json\/wp\/v2\/users\/1"}],"replies":[{"embeddable":true,"href":"https:\/\/domainekildare.ca\/fr\/wp-json\/wp\/v2\/comments?post=674"}],"version-history":[{"count":1,"href":"https:\/\/domainekildare.ca\/fr\/wp-json\/wp\/v2\/pages\/674\/revisions"}],"predecessor-version":[{"id":788,"href":"https:\/\/domainekildare.ca\/fr\/wp-json\/wp\/v2\/pages\/674\/revisions\/788"}],"wp:attachment":[{"href":"https:\/\/domainekildare.ca\/fr\/wp-json\/wp\/v2\/media?parent=674"}],"curies":[{"name":"wp","href":"https:\/\/api.w.org\/{rel}","templated":true}]}}